{"id":4002,"date":"2020-04-06T11:34:04","date_gmt":"2020-04-06T09:34:04","guid":{"rendered":"http:\/\/www.simra-h2020.eu\/?page_id=4002"},"modified":"2020-04-06T12:34:53","modified_gmt":"2020-04-06T10:34:53","slug":"practice-guide","status":"publish","type":"page","link":"http:\/\/www.simra-h2020.eu\/index.php\/practice-guide\/","title":{"rendered":"Practice guide"},"content":{"rendered":"<h3 style=\"text-align: center;\"><span style=\"color: #ff9900;\">Social Innovation: A Practice Guide<\/p>\n<p><\/span><\/h3>\n<p><img loading=\"lazy\" class=\"alignleft wp-image-4017 size-full\" src=\"http:\/\/www.simra-h2020.eu\/wp-content\/uploads\/2020\/04\/PG-EN.png\" alt=\"\" width=\"186\" height=\"276\" \/><strong><a href=\"http:\/\/www.simra-h2020.eu\/wp-content\/uploads\/2020\/02\/SIMRA_SI_Practice_Guide_interactive.pdf\" target=\"_blank\" rel=\"noopener noreferrer\">(EN) Social Innovation: A Practice Guide<\/a><\/strong><\/p>\n<p><a href=\"http:\/\/www.simra-h2020.eu\/wp-content\/uploads\/2020\/04\/SIMRA_Practice-Guide_FR.pdf\" target=\"_blank\" rel=\"noopener noreferrer\"><strong><span lang=\"FR-BE\">(FR) Innovation Sociale: Guide Pratique<\/span><\/strong><\/a><\/p>\n<p><a href=\"http:\/\/www.simra-h2020.eu\/wp-content\/uploads\/2020\/04\/SIMRA_Practice-Guide_ES.pdf\" target=\"_blank\" rel=\"noopener noreferrer\"><strong><span lang=\"EN-GB\">(ES) <span lang=\"IT\">Innovaci\u00f3n social: una gu\u00eda pr\u00e1ctica<\/span><\/span>\u00a0<\/strong><\/a><\/p>\n<p><a href=\"http:\/\/www.simra-h2020.eu\/wp-content\/uploads\/2020\/04\/SIMRA_Partcie-Guide_IT.pdf\" target=\"_blank\" rel=\"noopener noreferrer\"><strong><span lang=\"IT\">(IT) Innovazione sociale: una guida pratica<\/span>\u00a0<\/strong><\/a><\/p>\n<p><a href=\"http:\/\/www.simra-h2020.eu\/wp-content\/uploads\/2020\/04\/SIMRA_Practice-Guide_SR.pdf\" target=\"_blank\" rel=\"noopener noreferrer\"><strong><span lang=\"IT\">(SR) Dru\u0161tvene inovacije: Prakti\u010dni vodi\u010d<\/span><\/strong><\/a><\/p>\n","protected":false},"excerpt":{"rendered":"<p>Social Innovation: A Practice Guide (EN) Social Innovation: A Practice Guide (FR) Innovation Sociale: Guide Pratique (ES) Innovaci\u00f3n social: una gu\u00eda pr\u00e1ctica\u00a0 (IT) Innovazione sociale: una guida pratica\u00a0 (SR) Dru\u0161tvene inovacije: Prakti\u010dni vodi\u010d<\/p>\n","protected":false},"author":3,"featured_media":0,"parent":0,"menu_order":0,"comment_status":"closed","ping_status":"closed","template":"","meta":[],"_links":{"self":[{"href":"http:\/\/www.simra-h2020.eu\/index.php\/wp-json\/wp\/v2\/pages\/4002"}],"collection":[{"href":"http:\/\/www.simra-h2020.eu\/index.php\/wp-json\/wp\/v2\/pages"}],"about":[{"href":"http:\/\/www.simra-h2020.eu\/index.php\/wp-json\/wp\/v2\/types\/page"}],"author":[{"embeddable":true,"href":"http:\/\/www.simra-h2020.eu\/index.php\/wp-json\/wp\/v2\/users\/3"}],"replies":[{"embeddable":true,"href":"http:\/\/www.simra-h2020.eu\/index.php\/wp-json\/wp\/v2\/comments?post=4002"}],"version-history":[{"count":9,"href":"http:\/\/www.simra-h2020.eu\/index.php\/wp-json\/wp\/v2\/pages\/4002\/revisions"}],"predecessor-version":[{"id":4029,"href":"http:\/\/www.simra-h2020.eu\/index.php\/wp-json\/wp\/v2\/pages\/4002\/revisions\/4029"}],"wp:attachment":[{"href":"http:\/\/www.simra-h2020.eu\/index.php\/wp-json\/wp\/v2\/media?parent=4002"}],"curies":[{"name":"wp","href":"https:\/\/api.w.org\/{rel}","templated":true}]}}