{"id":3868,"date":"2020-02-10T12:23:19","date_gmt":"2020-02-10T11:23:19","guid":{"rendered":"http:\/\/www.simra-h2020.eu\/?page_id=3868"},"modified":"2020-04-06T12:30:52","modified_gmt":"2020-04-06T10:30:52","slug":"policy-briefs","status":"publish","type":"page","link":"http:\/\/www.simra-h2020.eu\/index.php\/policy-briefs\/","title":{"rendered":"Policy briefs"},"content":{"rendered":"<h3 style=\"text-align: center;\"><span style=\"color: #ff9900;\">How policy can help bring about social innovation in rural areas<\/span><\/h3>\n<p><strong><a href=\"http:\/\/www.simra-h2020.eu\/wp-content\/uploads\/2020\/02\/2020-02-03-Policy-brief_Slee-Mosdale_FINAL.pdf\" target=\"_blank\" rel=\"noopener noreferrer\">(EN) How\u00a0<\/a><\/strong> <strong><a href=\"http:\/\/www.simra-h2020.eu\/wp-content\/uploads\/2020\/02\/2020-02-03-Policy-brief_Slee-Mosdale_FINAL.pdf\" target=\"_blank\" rel=\"noopener noreferrer\">policy can help bring about social innovation in rural areas<img loading=\"lazy\" class=\"alignleft size-full wp-image-4027\" src=\"http:\/\/www.simra-h2020.eu\/wp-content\/uploads\/2020\/04\/EN-2.png\" alt=\"\" width=\"121\" height=\"386\" srcset=\"http:\/\/www.simra-h2020.eu\/wp-content\/uploads\/2020\/04\/EN-2.png 121w, http:\/\/www.simra-h2020.eu\/wp-content\/uploads\/2020\/04\/EN-2-94x300.png 94w\" sizes=\"(max-width: 121px) 100vw, 121px\" \/><\/a><\/strong><\/p>\n<p><a href=\"http:\/\/www.simra-h2020.eu\/wp-content\/uploads\/2020\/04\/Policy-Brief_FR.pdf\" target=\"_blank\" rel=\"noopener noreferrer\"><strong><span lang=\"FR-BE\">(FR) Comment les politiques peuvent-elles contribuer \u00e0 l\u2019impl\u00e9mentation des innovations sociales dans les zones rurales ?<\/span><\/strong><\/a><\/p>\n<p><a href=\"http:\/\/www.simra-h2020.eu\/wp-content\/uploads\/2020\/04\/Policy-brief_ES.pdf\" target=\"_blank\" rel=\"noopener noreferrer\"><strong><span lang=\"EN-GB\">(ES) C\u00f3mo pueden contribuir las pol\u00edticas a la innovaci\u00f3n social en las \u00e1reas rurales<\/span>\u00a0<\/strong><\/a><\/p>\n<p><a href=\"http:\/\/www.simra-h2020.eu\/wp-content\/uploads\/2020\/04\/Policy-brief_IT.pdf\" target=\"_blank\" rel=\"noopener noreferrer\"><strong><span lang=\"IT\">(IT) In che modo la politica pu\u00f2 aiutare l\u2019innovazione sociale nelle zone rurali<\/span>\u00a0<\/strong><\/a><\/p>\n<p><a href=\"http:\/\/www.simra-h2020.eu\/wp-content\/uploads\/2020\/04\/Policy-Brief_SR.pdf\" target=\"_blank\" rel=\"noopener noreferrer\"><strong><span lang=\"IT\">(SR) Na koji na\u010din politike mogu doprineti dru\u0161tvenim inovacijama u ruralnim podru\u010djima<\/span>\u00a0<\/strong><\/a><\/p>\n<p><a href=\"http:\/\/www.simra-h2020.eu\/wp-content\/uploads\/2020\/04\/Policy-Brief_ARAB.pdf\" target=\"_blank\" rel=\"noopener noreferrer\"><strong><span lang=\"FR-BE\">(AR) \u0643\u064a\u0641 \u064a\u062a\u0633\u0646\u0649 \u0644\u0644\u0633\u064a\u0627\u0633\u0629 \u062a\u062d\u0642\u064a\u0642 \u0627\u0644\u0627\u0628\u062a\u0643\u0627\u0631 \u0627\u0644\u0627\u062c\u062a\u0645\u0627\u0639\u064a \u0641\u064a \u0627\u0644\u0645\u0646\u0627\u0637\u0642 \u0627\u0644\u0631\u064a\u0641\u064a\u0629<\/span><\/strong><\/a><\/p>\n<h3><\/h3>\n<h3><\/h3>\n<h3 style=\"text-align: center;\"><span style=\"color: #ff9900;\"><br \/>\nHow can social innovation support &#8220;the future of food and farming&#8221;?<\/span><\/h3>\n<h2><a href=\"http:\/\/www.simra-h2020.eu\/wp-content\/uploads\/2018\/02\/SIMRA_Final_policy_brief.pdf\" target=\"_blank\" rel=\"noopener noreferrer\"><img loading=\"lazy\" class=\"alignleft wp-image-3878 size-full\" src=\"http:\/\/www.simra-h2020.eu\/wp-content\/uploads\/2020\/02\/How_policy_can.jpg\" alt=\"\" width=\"121\" height=\"172\" \/><\/a><\/h2>\n<p><a href=\"http:\/\/www.simra-h2020.eu\/wp-content\/uploads\/2018\/02\/SIMRA_Final_policy_brief.pdf\" target=\"_blank\" rel=\"noopener noreferrer\"><strong>How can social innovation support &#8220;the future of food and farming&#8221;?<\/strong><\/a><\/p>\n","protected":false},"excerpt":{"rendered":"<p>How policy can help bring about social innovation in rural areas (EN) How\u00a0 policy can help bring about social innovation in rural areas (FR) Comment les politiques peuvent-elles contribuer \u00e0 l\u2019impl\u00e9mentation des innovations sociales dans les zones rurales ? (ES) C\u00f3mo pueden contribuir las pol\u00edticas a la innovaci\u00f3n social en las \u00e1reas rurales\u00a0 (IT) In&hellip;<\/p>\n","protected":false},"author":1,"featured_media":0,"parent":0,"menu_order":0,"comment_status":"closed","ping_status":"closed","template":"","meta":[],"_links":{"self":[{"href":"http:\/\/www.simra-h2020.eu\/index.php\/wp-json\/wp\/v2\/pages\/3868"}],"collection":[{"href":"http:\/\/www.simra-h2020.eu\/index.php\/wp-json\/wp\/v2\/pages"}],"about":[{"href":"http:\/\/www.simra-h2020.eu\/index.php\/wp-json\/wp\/v2\/types\/page"}],"author":[{"embeddable":true,"href":"http:\/\/www.simra-h2020.eu\/index.php\/wp-json\/wp\/v2\/users\/1"}],"replies":[{"embeddable":true,"href":"http:\/\/www.simra-h2020.eu\/index.php\/wp-json\/wp\/v2\/comments?post=3868"}],"version-history":[{"count":21,"href":"http:\/\/www.simra-h2020.eu\/index.php\/wp-json\/wp\/v2\/pages\/3868\/revisions"}],"predecessor-version":[{"id":4028,"href":"http:\/\/www.simra-h2020.eu\/index.php\/wp-json\/wp\/v2\/pages\/3868\/revisions\/4028"}],"wp:attachment":[{"href":"http:\/\/www.simra-h2020.eu\/index.php\/wp-json\/wp\/v2\/media?parent=3868"}],"curies":[{"name":"wp","href":"https:\/\/api.w.org\/{rel}","templated":true}]}}