{"id":3738,"date":"2019-12-19T11:49:37","date_gmt":"2019-12-19T10:49:37","guid":{"rendered":"http:\/\/www.simra-h2020.eu\/?page_id=3738"},"modified":"2019-12-19T11:49:37","modified_gmt":"2019-12-19T10:49:37","slug":"community-work-with-wildfire-volunteers-penedes-garraf-county-catalonia-spain","status":"publish","type":"page","link":"http:\/\/www.simra-h2020.eu\/index.php\/simra-case-studies\/community-work-with-wildfire-volunteers-penedes-garraf-county-catalonia-spain\/","title":{"rendered":"Community work with wildfire volunteers, Pened\u00e8s-Garraf County, Catalonia, Spain"},"content":{"rendered":"<p><em><small><img loading=\"lazy\" class=\"aligncenter size-full wp-image-3739\" src=\"http:\/\/www.simra-h2020.eu\/wp-content\/uploads\/2019\/12\/cabecera-1.jpg\" alt=\"\" width=\"850\" height=\"478\" srcset=\"http:\/\/www.simra-h2020.eu\/wp-content\/uploads\/2019\/12\/cabecera-1.jpg 850w, http:\/\/www.simra-h2020.eu\/wp-content\/uploads\/2019\/12\/cabecera-1-300x169.jpg 300w, http:\/\/www.simra-h2020.eu\/wp-content\/uploads\/2019\/12\/cabecera-1-768x432.jpg 768w\" sizes=\"(max-width: 850px) 100vw, 850px\" \/>\u00a9 SFADF Catalunya<\/small><\/em><br \/>\n<strong>CS team:<\/strong><br \/>\n<a href=\"http:\/\/www.ctfc.cat\/\" target=\"_blank\" rel=\"noopener\">CTFC <\/a><\/p>\n<p><strong>The CS in a nutshell:<\/strong><br \/>\nForest Defence Groups (FDGs) or Associations (Agrupacions de Defensa Forestal, ADFs, in Catalan) are a long, well-established institution in the Catalonian region. At the beginning (1960s) they consisted of the local communities who helped each other to protect their properties from wildfires, and since 1986, they are regulated by the regional government. Nowadays, some of these groups go beyond their basic functions (which are the support on fire prevention, fire suppression and post-fire reforestation) and are establishing new alliances with local actors, which result in improved well-being for the communities where they are located.<\/p>\n<p>The Pioneer Case Study focuses on one specific group of ADFs: the Federation of ADFs Pened\u00e8s-Garraf. This Federation of ADFs coordinates the efforts of all the ADFs from two neighbouring counties (Garraf and Pened\u00e8s). The Pioneer Case Study looked specifically into the joint action of the Federation of ADFs Pened\u00e8s-Garraf and the local justice department in Vilanova I la Geltr\u00fa, in which the Federation provides positions for people sentenced by the local court to a penalty of community work. This case study focuses on a very particular socially innovative activity, which operates at a local scale. <a href=\"http:\/\/www.simra-h2020.eu\/index.php\/simra-case-studies\/fire-volunteers-catalonia-spain\/\" rel=\"noopener\" target=\"_blank\">The regular Case Study<\/a> , on the other hand, considers the whole Catalan ADF as a whole, as a social innovation initiative, operating at a regional scale. <\/p>\n","protected":false},"excerpt":{"rendered":"<p>\u00a9 SFADF Catalunya CS team: CTFC The CS in a nutshell: Forest Defence Groups (FDGs) or Associations (Agrupacions de Defensa Forestal, ADFs, in Catalan) are a long, well-established institution in the Catalonian region. At the beginning (1960s) they consisted of the local communities who helped each other to protect their properties from wildfires, and since&hellip;<\/p>\n","protected":false},"author":1,"featured_media":0,"parent":783,"menu_order":0,"comment_status":"closed","ping_status":"closed","template":"","meta":[],"_links":{"self":[{"href":"http:\/\/www.simra-h2020.eu\/index.php\/wp-json\/wp\/v2\/pages\/3738"}],"collection":[{"href":"http:\/\/www.simra-h2020.eu\/index.php\/wp-json\/wp\/v2\/pages"}],"about":[{"href":"http:\/\/www.simra-h2020.eu\/index.php\/wp-json\/wp\/v2\/types\/page"}],"author":[{"embeddable":true,"href":"http:\/\/www.simra-h2020.eu\/index.php\/wp-json\/wp\/v2\/users\/1"}],"replies":[{"embeddable":true,"href":"http:\/\/www.simra-h2020.eu\/index.php\/wp-json\/wp\/v2\/comments?post=3738"}],"version-history":[{"count":1,"href":"http:\/\/www.simra-h2020.eu\/index.php\/wp-json\/wp\/v2\/pages\/3738\/revisions"}],"predecessor-version":[{"id":3740,"href":"http:\/\/www.simra-h2020.eu\/index.php\/wp-json\/wp\/v2\/pages\/3738\/revisions\/3740"}],"up":[{"embeddable":true,"href":"http:\/\/www.simra-h2020.eu\/index.php\/wp-json\/wp\/v2\/pages\/783"}],"wp:attachment":[{"href":"http:\/\/www.simra-h2020.eu\/index.php\/wp-json\/wp\/v2\/media?parent=3738"}],"curies":[{"name":"wp","href":"https:\/\/api.w.org\/{rel}","templated":true}]}}