{"id":2683,"date":"2018-09-05T15:48:53","date_gmt":"2018-09-05T13:48:53","guid":{"rendered":"http:\/\/www.simra-h2020.eu\/?page_id=2683"},"modified":"2021-02-12T15:31:47","modified_gmt":"2021-02-12T14:31:47","slug":"scientific-publications","status":"publish","type":"page","link":"http:\/\/www.simra-h2020.eu\/index.php\/scientific-publications\/","title":{"rendered":"Scientific publications"},"content":{"rendered":"<h2><span style=\"color: #ff9900;\">SIMRA journal papers<\/span><\/h2>\n<p><a href=\"http:\/\/www.simra-h2020.eu\/wp-content\/uploads\/2020\/02\/Dalla-Torre-Gramm-Ravazzoli-AISRe-2019-Vol-581.pdf\" target=\"_blank\" rel=\"noopener noreferrer\">Dalla Torre, C., Gramm, V. &amp; Ravazzoli, E. (2019). L&#8217;agricoltura sociale in Alto Adige: un esempio di innovazione sociale nelle aree montane italiane. In P. Lattarulo, A. Omizzolo, F. Palermo, C. Rossignoli &amp; T. Streifeneder (a cura di), <i>Le regioni d&#8217;Europa tra identit\u00e0 locali, nuove comunit\u00e0 e disparit\u00e0 territoriali.<\/i> Franco Angeli.<\/a><\/p>\n<p>Egartner, S. Niedermayr, J., Pfusterschmid, S., Wagner, K. 2017. \u201cSpectrum of Social innovation Activities in Austria\u201d, Poster, Book of Abstracts, p58f, 15th European Rural Development Network Conference, Eisenstadt, Austria. 04\/10\/2017<\/p>\n<div class=\"entry-content\" style=\"border-bottom: none;\">\n<p><a href=\"https:\/\/doi.org\/10.1016\/j.forpol.2019.03.007\">G\u00f3rriz-Mifsud E, Burns M, Marini Govigli V. 2019. Civil society engaged in wildfires: Mediterranean forest fire volunteer groupings. Forest Policy and Economics 102:119-129.<\/a><\/p>\n<p><a href=\"http:\/\/www.simra-h2020.eu\/wp-content\/uploads\/2020\/02\/2020_Gramm_DallaTorre_Membretti.pdf\" target=\"_blank\" rel=\"noopener noreferrer\"><span lang=\"IT\">Gramm, V., Dalla Torre, C. &amp; Membretti, A. (2020). <\/span>Farms in Progress-Providing Childcare Services as a Means of Empowering Women Farmers in South Tyrol, Italy. <span lang=\"IT\">Sustainability, 12(2), 467<\/span><\/a><\/p>\n<p><a href=\"\/wp-content\/uploads\/2018\/11\/Technology_Intelligence_and_Planning_2018_UK.pdf\" target=\"_blank\" rel=\"noopener noreferrer\">Harnmeijer, J., Toke, D. and Slee, B. (2018) &#8216;Community renewables in the UK \u2013 a clash of cultures?&#8217;, Int. J. Technology Intelligence and Planning, Vol. 12, No. 1, pp.99\u2013120.<\/a><\/p>\n<p><a href=\"https:\/\/www.sciencedirect.com\/science\/article\/pii\/S2589791820300128\">Hewitt, R., de Boer, C., Flacke, J. 2020. Participatory development of digital support tools for local-scale energy transitions: Lessons from two European case studies. Global Transitions 2: 138-149. https:\/\/doi.org\/10.1016\/j.glt.2020.07.003<\/a><\/p>\n<p><a href=\"https:\/\/www.frontiersin.org\/articles\/10.3389\/fenrg.2019.00031\/full\">Hewitt R.J., Bradley N., Compagnucci A.B., Barlagne C., Ceglarz A., Cremades R., McKeen M., Otto I.M., Slee B. 2019. Social innovation in community energy in Europe: a review of the evidence, accepted Frontiers in Energy Research, section Energy Systems and Policy. <\/a><\/p>\n<p><a href=\"https:\/\/doi.org\/10.1016\/j.forpol.2018.09.016\">Kluv\u00e1nkov\u00e1 T, Brnkalakova S, \u0160pa\u010dek M, Slee B, Nijnik M, Valero D, Miller D, Bryce R, Szabo T, Kozova M, Polman N, Szabo T, Gezik V, 2018. Understanding social innovation for the well-being of forest-dependent communities: A preliminary theoretical framework. Forest Policy and Economics Volume 97, Pages 163-174<\/a><\/p>\n<p>Kluv\u00e1nkov\u00e1 T., Ge\u017e\u00edk V., \u0160pa\u010dek M., Brnka\u013e\u00e1kov\u00e1 S., Kozov\u00e1 M. (2017) Transdisciplinary Understanding of Social Innovation In Marginalized Rural Areas. In Terra Spectra STU Spatial Planning Central European Journal of Spatial and Landscape Planning STU, Vol. IX., No. 1<\/p>\n<p><a href=\"https:\/\/www.researchgate.net\/publication\/348547421_Social_innovation_for_sustainability_transformation_and_its_diverging_development_paths_in_marginalised_rural_areas\" target=\"_blank\" rel=\"noopener\">Kluvankova T, Nijnik M, Spacek M, Sarkki S, Lukesch R, Perlik M, Melnykovych M, Valero D, Brnkalakova S, 2021. Social innovation for sustainability transformation and its diverging development paths in marginalised rural areas. <em>Sociologia Ruralis<\/em> DOI:10.1111\/soru.12337 https:\/\/onlinelibrary.wiley.com\/ doi\/10.1111\/soru.12337<\/a><\/p>\n<p><a href=\"https:\/\/doi.org\/10.1016\/j.forpol.2018.09.015\">Ludvig A, Weiss G, Sarkki S, Nijnik M, Zivojinovic I, 2018. Mapping European and forest related policies supporting social innovation for rural settings. Forest Policy and Economics Volume 97, Pages 146-152<\/a><\/p>\n<p><a href=\"https:\/\/doi.org\/10.1016\/j.forpol.2018.07.004\">Ludvig A, Wilding M, Thorogood A, Weiss G, 2018. Social innovation in the Welsh Woodlands: Community based forestry as collective third-sector engagement. Volume 95, Pages 18-25<\/a><\/p>\n<p><a href=\"http:\/\/www.simra-h2020.eu\/wp-content\/uploads\/2018\/11\/lukesch-en-1.pdf\">Lukesch, R. (2018). Leader Reloaded. Keynote paper presented at Leader Reloaded, the ELARD conference on the heartbeat of the LEADER community on 26 September 2018 in Evora, Portugal.<\/a><\/p>\n<p><a href=\"\/wp-content\/uploads\/2018\/11\/ScienceTotalEnvironment.pdf\" target=\"_blank\" rel=\"noopener noreferrer\">Melnykovych M, <b>Nijnik<\/b> M, Soloviy I, Nijnik A, Sarkki S, Bihun Y, 2018. Social-ecological innovation in remote mountain areas: adaptive responses of forest-dependent communities to the challenges of a changing world. Science of the Total Environment <\/a><u><a class=\"pubenl\" href=\"https:\/\/www.sciencedirect.com\/journal\/science-of-the-total-environment\/vol\/613\/suppl\/C\" target=\"_blank\" rel=\"noopener noreferrer\">613\u2013614<\/a><\/u><a href=\"\/wp-content\/uploads\/2018\/11\/ScienceTotalEnvironment.pdf\" target=\"_blank\" rel=\"noopener noreferrer\">: 894\u2013906<\/a><\/p>\n<p><a href=\"https:\/\/link.springer.com\/article\/10.1007\/s10113-019-01537-0\" target=\"_blank\" rel=\"noopener\">Metzger M, Dick J, Gardner A, Bellamy C, Blackstock K, Brown C, Chisholm R, Cochrane P, Drewitt J, Gimona A, Hester A, Mathieson S, Nijnik M, McVittie A, Petr M, Smith R, Smith M, 2019. Knowledge sharing, problem solving and professional development in a Scottish Ecosystem Services Community of Practice. Regional Environmental Change, Volume 19, Issue 8: 2275\u20132286 https:\/\/doi.org\/10.1007\/s10113-019-01537-0<\/a><\/p>\n<p><a href=\"https:\/\/www.mdpi.com\/2071-1050\/12\/22\/9674\" target=\"_blank\" rel=\"noopener\">Nijnik M, Kluvankova T, Nijnik A, Kopiy S, Melnykovych M, Sarkki S, Barlagne C, Brnkalakova S, Kopiy L, Fizyk I, Miller D, 2020. Is there a scope for social innovation in Ukrainian forestry, <em>Sustainability <\/em>12, 9674 https:\/\/doi.org\/10.3390\/su12229674<\/a><\/p>\n<p><a href=\"\/wp-content\/uploads\/2018\/11\/ClimateResearch_Aug2017.pdf\" target=\"_blank\" rel=\"noopener noreferrer\">Nijnik A, Nijnik M, Kopiy S, Zahvoyska L, Sarkki S, Kopiy L, Miller D, 2017. Identifying and understanding attitudinal diversity on multi-functional changes in Ukrainian Carpathians, Climate Research 73: 45-46. doi: 10.3354\/cr01448<\/a><\/p>\n<p><a href=\"\/wp-content\/uploads\/2018\/11\/OneEcosystem_Oct17.pdf\" target=\"_blank\" rel=\"noopener noreferrer\">Nijnik M, Miller D (2017) Valuation of ecosystem services: paradox or Pandora&#8217;s box for decisionmakers? One Ecosystem 2: e14808. <\/a><u><a class=\"pubenl\" href=\"https:\/\/oneecosystem.pensoft.net\/articles.php?id=14808\" target=\"_blank\" rel=\"noopener noreferrer\">https:\/\/doi.org\/10.3897\/oneeco.2.e14808<\/a><\/u><\/p>\n<p><a href=\"https:\/\/doi.org\/10.1016\/j.forpol.2018.01.001\">Nijnik M, Nijnik A, Sarkki S, Mu\u00f1oz-Rojas J, Miller D, Kopiy S, 2018. Is forest related decision-making in European treeline areas socially innovative? A Q-methodology enquiry into the perspectives of international experts. Forest Policy and Economics Volume 92, Pages 210-219<\/a><\/p>\n<p><a href=\"http:\/\/edition.pagesuite.com\/html5\/reader\/production\/default.aspx?pubname=&amp;edid=990d36dd-c621-488f-856b-45fe830bfe99\">Nijnik M, Sarkki S, 2019. Social innovation for revitalising forest-dependent communities. Chartered Forester Winter 2018\/2019, pp 18-19<\/a><\/p>\n<p><a href=\"https:\/\/doi.org\/10.1016\/j.forpol.2019.01.001\">Nijnik M., Secco L., Miller D., Melnykovych M., 2019. Can social innovation make a change in forest-dependent communities? Forest Policy and Economics, 100, Pages 207-213. <\/a><\/p>\n<p>Perlik, M. (2018) : Moins de rh\u00e9torique r\u00e9gionaliste, plus de diversit\u00e9. L\u2019urbanisation des Alpes dans l\u2019int\u00e9r\u00eat de soci\u00e9t\u00e9s coh\u00e9sives \/ Less Regional Rhetoric, More Diversity. Urbanised Alps in the Interest of Cohesive Societies. Journal of Alpine Research \/ Revue de g\u00e9ographie alpine 106(2). DOI: 10.4000\/rga.4559<\/p>\n<p>Perlik, M.\/Membretti, A. (2018): Migration by Necessity and by Force to Mountain Areas: an Opportunity for Social Innovation. Mountain Research and Development 38(3): 250-264.<\/p>\n<p><a href=\"https:\/\/journals.openedition.org\/rga\/5988\">Ravazzoli E., Dalla Torre C. and Streifeneder T. (2019), \u00abTransforming the Role of Women Farmers and of Refugees: Two Italian Experiences of Social Innovation in Mountain Areas , J<em>ournal of Alpine Research | Revue de g\u00e9ographie alpine<\/em> [Online], 107-2. Online since 26 September 2019, connection on 30 September 2019. URL : http:\/\/journals.openedition.org\/rga\/5988 ; DOI : 10.4000\/rga.5988<\/a><\/p>\n<p><a href=\"https:\/\/www.mdpi.com\/2071-1050\/13\/4\/1823\">Ravazzoli E, Dalla Torre C, Da Re R, Marini Govigli V, Secco L, G\u00f3rriz-Mifsud E, Pisani E, Barlagne C, Baselice A, Bengoumi M, Dijkshoorn-Dekker M, Labidi A, Lopolito A, Melnykovych M, Perlik M,\u00a0Polman N, Sarkki S, Vassilopoulos A, Koundouri P, Miller D, Streifeneder T, Nijnik M. Can social innovation make changes in European and Mediterranean marginalized areas? An impact assessment in agriculture, fisheries, forestry, and rural development.\u00a0<em>Sustainability 021, 13, 1823<\/em>. https:\/\/doi.org\/10.3390\/su13041823<\/a><\/p>\n<p><a href=\"http:\/\/www.simra-h2020.eu\/wp-content\/uploads\/2020\/02\/2020_Ravazzoli-and-Valero-SI.-An-instrument-for-sustainable-development-of-communities..pdf\" target=\"_blank\" rel=\"noopener noreferrer\">Ravazzoli E., Valero D.E. (2020) Social Innovation: An Instrument to Achieve the Sustainable Development of Communities. In: Leal Filho W., Azul A., Brandli L., \u00d6zuyar P., Wall T. (eds) Sustainable Cities and Communities. Encyclopedia of the UN Sustainable Development Goals. Springer, Cham.<\/a><\/p>\n<p><a href=\"https:\/\/doi.org\/10.1016\/j.forpol.2018.07.01\">Rogelja T, Ludvig A, Weiss G, Secco L., 2018. Implications of policy framework conditions for the development of forestry-based social innovation initiatives in Slovenia. Forest Policy and Economics Volume 95, 2018, Pages 147-155. <\/a><\/p>\n<p><a href=\"https:\/\/www.mdpi.com\/2071-1050\/13\/3\/1231\" target=\"_blank\" rel=\"noopener\">Sarkki S, Dalla Torre C, Fransala J, Zivojinovic I, Ludvig A, G\u00f3rriz-Mifsud E, Melnykovych M, Sfeir P R, Arbia L, Bengoumi M, Chorti H, Gramm V, L\u00f3pez Marco L, Ravazzoli E, Nijnik M, 2021. Reconstructive Social Innovation Cycles in Women-Led Initiatives in Rural Areas <em>Sustainability <\/em>13, 1231 <em>https:\/\/doi.org\/10.3390\/su13031231<\/em><\/a><\/p>\n<p><a href=\"https:\/\/www.sciencedirect.com\/science\/article\/pii\/S1389934118301941?via%3Dihub\" target=\"_blank\" rel=\"noopener\">Sarkki S, Ficko A, Miller D, Barlagne C, Melnykovych M, Jokinen M, Soloviy I, Nijnik M, 2019. Human values as catalysts and consequences of social innovations\u00a0<em>Forest \u00a0Policy and Economics<\/em>\u00a0Volume 104: 33-44\u00a0https:\/\/doi.org\/10.1016\/j.forpol.2019.03.006<\/a><\/p>\n<p>Sarkki S, Ficko A, Grunewald K, Kyriazopoulos A, Nijnik M, 2016. How pragmatism in environmental science and policy can undermine sustainability transformations: the case of marginalized mountain areas under climate and land use change. Sustainability Science 12 (4): 549-561. doi:10.1007\/s11625-016-0411-3<\/p>\n<p><a href=\"\/wp-content\/uploads\/2018\/11\/ClimateResearch_Feb2017.pdf\" target=\"_blank\" rel=\"noopener noreferrer\">Sarkki S, Jokinen M, Nijnik M, Zahvoyska L, Abraham E, Alados C, Bellamy C, Bratanova-Dontcheva S, Grunewald K, Kollar J, Kraj\u010d\u00ed J, Kyriazopoulos A. P, La Porta N, Monteiro A. T, Munoz-Rojas J, Parpan T, Sing L, Smith M, Sutinen M-L, Tolvanen A, Zhyla T, 2017. Social equity in governance of ecosystem services: Synthesis from European treeline areas. Climate Research 73: 31-44, doi: 10.3354\/cr01441<\/a><br \/>\n<a href=\"\/wp-content\/uploads\/2018\/11\/Technology_Intelligence_and_Planning_2018_UK.pdf\" target=\"_blank\" rel=\"noopener noreferrer\"><br \/>\n<\/a><a href=\"https:\/\/doi.org\/10.1007\/s10980-019-00787-x\">Sarkki, S.; Parpan, T.; Melnykovych, M.; Zahvoyska, L.; Voloshyna, N.; Derbal, J.; Nijnik, M. 2019. Beyond participation! Social-ecological innovations facilitating movement from technocratic state to collaborative landscape governance in Ukraine. <em>Landscape Ecology Volume<\/em> 34: 1601-1618, doi: 10.1007\/s10980-019-00787-x<\/a><\/p>\n<p><a href=\"https:\/\/www.sciencedirect.com\/science\/article\/abs\/pii\/S1389934118301461?via%3Dihub\" target=\"_blank\" rel=\"noopener\">Secco L, Pisani E, Da Re R, Rogelja T, Burlando C, Pettenella D, \u00a0Masiero M, Miller D, Nijnik M, 2019. Towards developing a method to evaluate social innovation in forest-dependent communities: a science-stakeholders collaboration, <em>Forest Policy and Economics<\/em> Volume 104: 9-22 https:\/\/doi.org\/10.1016\/j.forpol.2019.03.011<\/a><\/p>\n<p><a href=\"https:\/\/www.sciencedirect.com\/science\/article\/pii\/S2589791820300116#sec10\">Slee, B. 2020. Social innovation in community energy in Scotland: Institutional form and sustainability outcomes. Global Transitions 2: 157-166. https:\/\/doi.org\/10.1016\/j.glt.2020.07.001<\/a><\/p>\n<p>Valero, D., L\u00f3pez Marco, L. (2019) Interdisciplinariedad en la innovaci\u00f3n social frente a la despoblaci\u00f3n rural. <em>Econom\u00eda Agraria y Recursos Naturales<\/em> [S.l.], v. 19, n. 1, p. 17-36, junio 2019. ISSN 2174-7350. Disponible en web: <a href=\"https:\/\/polipapers.upv.es\/index.php\/EARN\/article\/view\/earn.2019.01.02\">https:\/\/polipapers.upv.es\/index.php\/EARN\/article\/view\/earn.2019.01.02<\/a><\/p>\n<p><a href=\"https:\/\/doi.org\/10.1016\/j.forpol.2018.10.012\">van Kooten G.C, Nijnik M, Bradford K, 2018. Can carbon accounting promote economic development in forest-dependent, indigenous communities? Forest Policy and Economics Volume 100, Pages 68-74<\/a><\/p>\n<p><a href=\"https:\/\/onlinelibrary.wiley.com\/doi\/abs\/10.1111\/soru.12321\">Vercher, N., Barlagne, C., Hewitt, R., Nijnik, M., Esparcia, J. 2021. \u201cWhose Narrative is it Anyway? Narratives of Social Innovation in Rural Areas \u2013 A Comparative Analysis of Community-Led Initiatives in Scotland and Spain.&#8221; <em>Sociologia Ruralis<\/em>, January, Volume 61, Issue 1: 163-189\u00a0https:\/\/doi.org\/10.1111\/soru.12321<\/a><\/p>\n<p>Wilkes-Allemann J., Ludvig, A. (2019): &#8220;The role of social innovation in negotiations about recreational infrastructure in forests \u2013 A mountain-bike case study in Switzerland&#8221;, Forest Policy and Economics 97<\/p>\n<\/div>\n<h2><span style=\"color: #ff9900;\">SIMRA Books of proceedings<\/span><\/h2>\n<p>Albert Nijnik, Serhiy Kopiy, Maria Nijnik, Lyudmyla Zahvoyska, Leonid Kopiy, 2018. What are the attitudes of local stakeholders towards multifunctional changes in woodlands of the Ukrainian Carpathians? Book of abstracts 15-18 October 2018. Eger, Hungary, pp 80-82<\/p>\n<p>Ihor Soloviy, Astrid Bj\u00f6rnsen Gurung, Mariana Melnykovych, Richard J. Hewitt, Lyudmyla Maksymiv, Yurij Bihun, 2018. Stakeholders\u2019 attitudes towards green energy innovations as a prerequisite to successful implementation: international experience and lessons learned in the Ukrainian Carpathians. Forum Carpaticum 2018. Book of abstracts 15-18 October 2018. Eger, Hungary, pp 64-66.<\/p>\n<p>Maria Nijnik, Carla Barlagne, David Miller, Margaret McKeen, Richard Hewitt. Enhancing the resilience of European mountain regions through social innovation. Regional development conference, Lviv, Ukraine, 25 May 2017, Book of Proceedings, pp 34-41.<\/p>\n<p>Maria Nijnik, David Miller, Carla Barlagne, Richard Hewitt, Mariana Melnykovych, Margaret McKeen, Ihor Soloviy, Lidiya Hryniv, Joshua Msika, 2018. Analysing the role of social innovation in addressing sustainability goals in the Scottish uplands and Ukrainian Carpathians. Forum Carpaticum 2018. Book of abstracts 15-18 October 2018. Eger, Hungary, pp 76-78.<\/p>\n<p>Melnykovych M, Nijnik M, Nijnik A, Soloviy I, 2016. Forest ecosystem services and the well-being of communities: a case of non-wood forest products in remote areas of the highlands in Scotland and the Ukrainian Carpathians. Proceedings of the 4th Forum Carpaticum: Future of the Carpathians: Smart, Sustainable, Inclusive, Bucharest, Romania, 28 \u2013 30 September, pp 15-17.<\/p>\n<p>Niedermayr, J., Egartner, S., Wagner, K. (2018): \u201cReconfiguring consumer and producer relationships \u2013 a case study of Community-supported Agriculture in the H2020 project SIMRA\u201d. Poster presented at the 7th AIEAA Conference Evidence-based Policies to Face New Challenges for Agri-Food Systems, 14-15 June 2018, Conegliano, Italy.<\/p>\n<p>Nijnik M, Melnykovych M, 2016. Exploring challenges to sustainability in the provision of ecosystems services by upland forests in Scotland and Ukraine. In Sekot W, Toscani P, Ungerb\u00f6ck E. (eds.): International Union of Forestry Research Organizations (IUFRO) Proceedings: Advances and Challenges in Managerial Economics and Accounting. Pp.: 85-86<\/p>\n<p>Nijnik M, Miller D, Price M, Sarkki S, Bryce R, Valero D, Barlagne C, Melnykovych M, 2018. A role of social innovation in linking ecological sustainability with rural development objectives in marginalised mountain areas. International Conference on Natural assets use in regional settings. University of Lviv, 5-7 October, 2018.<\/p>\n<p>Tatiana Kluvankova, Martin Spacek, Stanislava Brnkalakova, Maria Ninjik, David Miller, Diana Valero, Rosalind Bryce, Veronika Gezik, 2018. Understanding social innovation for the well-being of rural communities: a preliminary theoretical framework Forum Carpaticum 2018. Book of abstracts 15-18 October 2018. Eger, Hungary, pp 78-80.<\/p>\n<h2><span style=\"color: #ff9900;\">SIMRA Book chapters<\/span><\/h2>\n<p>Pisani, E., Franceschetti, G., Secco, L., Christoforou, A. (2017) \u201cSocial Capital and Local Development. From Theory to Empirics\u201d, Palgrave Macmillan Springer Nature (eBook ISBN 978-3-319-54277-5; DOI 10.1007\/978-3-319-54277-5; Hardcover ISBN 978-3-319-54276-8). Pages 522.<\/p>\n<ul>\n<li>Secco, L., Burlando, C. (2017). Social Capital, Network Governance and Social Innovation: Towards a New Paradigm? In: Pisani, E., Franceschetti, G., Secco, L., And Christoforou, A. (eds) (2017). Social Capital and Local Development: From Theory to Empirics. Palgrave Macmillan, Switzerland: 83-108.<\/li>\n<li>o\u00a0\u00a0 Secco, L., Pisani, E., Burlando, C., Christoforou, A. (2017). What future for LEADER as a Catalyst of Social Innovation? In: Pisani, E., Franceschetti, G., Secco, L., And Christoforou, A. (eds) (2017). Social Capital and Local Development: From Theory to Empirics. Palgrave Macmillan, Switzerland: 417-438.<\/li>\n<\/ul>\n<p>Secco, L., Pisani, E., Masiero, M., Pettenella, D., 2019. \/Social and Technological Innovations in Forestry \/ (Chapter 18) in: Farcy, C., Rojas-Briales, E., Martinez de Arano, I., (eds.) (2019) \/Forestry in the midst of global changes. \/CRC press \u2013 Taylor &amp; Francis Group, UK: 317-346<\/p>\n<p>Wood and Baker K. eds A critical review of Scottish Renewable and Low Carbon Energy Policy, Palgrave Macmillan. Ch 3 with J Harnmeijer Community renewables balancing optimism with reality. Ch 8 with A Berka and J Harnmeijer, Crossing the Rubicon: the 2015 Renewable Electricity reforms and Implications for Scotland.<\/p>\n<p>Perlik, M. (2018): Innovations sociales en montagne: au-del\u00e0 de l\u2019ing\u00e9nierie sociale, une v\u00e9ritable force transformatrice? In: Fourny, M.-C.: Montagnes en mouvements. Dynamiques territoriales et innovation sociale: 189-210. Grenoble: PUG.<\/p>\n<p>Book chapter on social innovations in rural areas (deadline March 2019) in a book titled EU Bioeconomy Economics and Policies. It is a book that will be edited by colleagues from Wageningen University (Palgrave)<\/p>\n<h2><span style=\"color: #ff9900;\">Sessions during scientific conferences<\/span><\/h2>\n<p>IUFRO 125th Anniversary Congress, Session \u201cEcosystem services and the well-being of forest-dependent communities: enhancing social innovation and building resilience to global changes in remote rural areas\u201d, Freiburg (Germany), 17\/09\/2017<\/p>\n<p>7th AIEAA Conference Evidence-Based Policies To Face New Challenges For Agri-Food Systems \u2013 Special Session on SIMRA \u201cSocial innovation in marginalized rural areas\u201d Proposed by Laura Secco, Elena Pisani, David Miller and Maria Ninjik, Conegliano (Italy), 14\/06\/2018<\/p>\n<p>2018 ISIRC conference. Session organized by Manfred and Carla, Heidelberg (Germany), 04\/09\/2018<\/p>\n<p>AISRE \u2013 Italian Association of Regional Science Conference 2018. Session \u201cSocial Innovation in mountain areas: comparing Italian examples\u201d organised by EURAC and UNIPD, Bozen-Bolzano (Italy), 19\/09\/2018<\/p>\n<p>Slovak Economic Association Meeting. IFE SAS in cooperation with CETIP Network and Open Academy of SAS organized the special session \u201cFrom Tragedy to Survival: The Journey of Polycentric Governance\u201d, Bratislava (Slovakia), 21\/09\/2019<\/p>\n<p>Forum Carpaticum 2018 &#8211; S4C Science for the Carpathians. IFE SAS and RDC organised a special session \u201cRural development, social innovation and adaptive responses of disadvantaged communities in mountain areas to local, regional and global challenges\u201d, Eger (Hungary),\u00a015\/10\/2018<\/p>\n<p>ISIRC 2019. Social Innovation in Energy Transitions. Sujeetha Selvakkumaran, Richard Hewitt, Carla Barlagne. Glasgow (UK), 09\/2019<\/p>\n<p>ISIRC 2019. Design thinking for social innovation: learning from the 7 Innovation Actions of the SIMRA project. Panel proposal by Carla Barlagne, Valentino Govigli and Mariana Melnykovych, Glasgow (UK), September 2019<\/p>\n<h2><span style=\"color: #ff9900;\">Thesis\/Dissertations<\/span><\/h2>\n<p>\/<\/p>\n","protected":false},"excerpt":{"rendered":"<p>SIMRA journal papers Dalla Torre, C., Gramm, V. &amp; Ravazzoli, E. (2019). L&#8217;agricoltura sociale in Alto Adige: un esempio di innovazione sociale nelle aree montane italiane. In P. Lattarulo, A. Omizzolo, F. Palermo, C. Rossignoli &amp; T. Streifeneder (a cura di), Le regioni d&#8217;Europa tra identit\u00e0 locali, nuove comunit\u00e0 e disparit\u00e0 territoriali. Franco Angeli. Egartner,&hellip;<\/p>\n","protected":false},"author":1,"featured_media":0,"parent":0,"menu_order":0,"comment_status":"closed","ping_status":"closed","template":"","meta":[],"_links":{"self":[{"href":"http:\/\/www.simra-h2020.eu\/index.php\/wp-json\/wp\/v2\/pages\/2683"}],"collection":[{"href":"http:\/\/www.simra-h2020.eu\/index.php\/wp-json\/wp\/v2\/pages"}],"about":[{"href":"http:\/\/www.simra-h2020.eu\/index.php\/wp-json\/wp\/v2\/types\/page"}],"author":[{"embeddable":true,"href":"http:\/\/www.simra-h2020.eu\/index.php\/wp-json\/wp\/v2\/users\/1"}],"replies":[{"embeddable":true,"href":"http:\/\/www.simra-h2020.eu\/index.php\/wp-json\/wp\/v2\/comments?post=2683"}],"version-history":[{"count":18,"href":"http:\/\/www.simra-h2020.eu\/index.php\/wp-json\/wp\/v2\/pages\/2683\/revisions"}],"predecessor-version":[{"id":4089,"href":"http:\/\/www.simra-h2020.eu\/index.php\/wp-json\/wp\/v2\/pages\/2683\/revisions\/4089"}],"wp:attachment":[{"href":"http:\/\/www.simra-h2020.eu\/index.php\/wp-json\/wp\/v2\/media?parent=2683"}],"curies":[{"name":"wp","href":"https:\/\/api.w.org\/{rel}","templated":true}]}}