{"id":2311,"date":"2018-04-18T13:12:38","date_gmt":"2018-04-18T11:12:38","guid":{"rendered":"http:\/\/www.simra-h2020.eu\/?page_id=2311"},"modified":"2018-07-25T17:00:15","modified_gmt":"2018-07-25T15:00:15","slug":"norwegian-trekking-associations-dnt-role-in-integrating-immigrants-in-rural-marginalised-areas-of-norway","status":"publish","type":"page","link":"http:\/\/www.simra-h2020.eu\/index.php\/simra-innovation-actions\/norwegian-trekking-associations-dnt-role-in-integrating-immigrants-in-rural-marginalised-areas-of-norway\/","title":{"rendered":"Norwegian Trekking Associations (DNT) role in integrating immigrants in rural marginalised areas of Norway."},"content":{"rendered":"<h3>Get out there to get in here! Nature as a bridge to inclusion.<\/h3>\n<p><img loading=\"lazy\" class=\"aligncenter size-full wp-image-2312\" src=\"http:\/\/www.simra-h2020.eu\/wp-content\/uploads\/2018\/04\/noruega-1.jpg\" alt=\"noruega-1\" width=\"800\" height=\"320\" srcset=\"http:\/\/www.simra-h2020.eu\/wp-content\/uploads\/2018\/04\/noruega-1.jpg 800w, http:\/\/www.simra-h2020.eu\/wp-content\/uploads\/2018\/04\/noruega-1-300x120.jpg 300w, http:\/\/www.simra-h2020.eu\/wp-content\/uploads\/2018\/04\/noruega-1-768x307.jpg 768w\" sizes=\"(max-width: 800px) 100vw, 800px\" \/><em><small>\u00a9 Siri Solheim-Kristiansen\/R\u00f8de Kors<\/small><\/em><\/p>\n<p><strong>IA implementer:<\/strong><br \/>\n<a href=\"http:\/\/www.ostforsk.no\/\" target=\"_blank\">\u00d8stlandsforskning (\u00d8F) | Eastern Norway Research Institute (ENRI)<\/a><\/p>\n<p><strong>Relevant stakeholders:<\/strong><\/p>\n<p>The stakeholders identified are the Norwegian Trekking Young Association (DNT Young), Barnas Turlag (Children\u2019s Trekking Club), Red Cross, Fjellnettverket (The Norwegian Mountain Network), Gudbrandsdalen council and relevant local actors from two or three additional municipalities (Sel, V\u00e5g\u00e5 and possibly Ringebu).<\/p>\n<p><a href=\"https:\/\/english.dnt.no\">The Norwegian Trekking Association<\/a> (DNT) recently celebrated 150 years since its foundation. DNT is Norway&#8217;s largest outdoor life organization, with more than 260,000 members in 57 local member organisations across the country. DNT is a prime example of a structure created by social innovation and driven by civil society volunteer engagement.<\/p>\n<p><strong>The IA in a nutshell:<\/strong><\/p>\n<p>The IA in Gudbrandsdalen focuses on integrating immigrants, mainly refugees or work migrants, in the rural area by social nudging mechanisms: motivate immigrants to join locals in walking \/ rambling \/ trekking \/ hiking which enable establishment of social networks, learning and teaching customs and culture of rural areas environments. The IA may contribute to:<\/p>\n<ol>\n<li>Building social network that may lead to new and close relations, and help connect to local labour market.<\/li>\n<li>Hand-off a tradition of cherishing and exploiting outdoor activity in a sustainable way to newly established immigrants.<\/li>\n<li>Challenging established ways of trekking in rural areas by learning from other traditions and ways of being in nature.<\/li>\n<li>Help improve the general health of the migrants through physical and social activity.<\/li>\n<\/ol>\n<p>The formation of this IA will improve the demographic sustainability of the marginal rural area, via the integration of immigration fluxes into the rural society.<\/p>\n<p><strong>About the area:<\/strong><\/p>\n<p>IA-processes are in the in the municipality of V\u00e5g\u00e5, Sel and possibly Ringebu located north in the Gudbrandsdalen valley region. Gudbrandsdalen makes up half of the county of Oppland and has altogether 71,036 inhabitants in twelve municipalities covering an area of 15,340 km<sup>2<\/sup>. The county host seven national parks and offer a unique mountain farm environment with a rich cultural heritage. The valley region faces challenges in the northernmost municipalities related to depopulation, elderly population, unemployment and a high proportion of inhabitants depending on welfare services and benefits. This hinders the sustainability of the region. Immigration from refugees and work migrants has been over the latter 10 to 15 years an important vector in sustaining or curbing the population decrease. At the same time, this has created integration challenges in civil society in these parts of the Gudbrandsdalen.<\/p>\n<p><img loading=\"lazy\" class=\"aligncenter size-full wp-image-2494\" src=\"http:\/\/www.simra-h2020.eu\/wp-content\/uploads\/2018\/04\/Gudbrandsdalen.png\" alt=\"Gudbrandsdalen\" width=\"800\" height=\"556\" srcset=\"http:\/\/www.simra-h2020.eu\/wp-content\/uploads\/2018\/04\/Gudbrandsdalen.png 800w, http:\/\/www.simra-h2020.eu\/wp-content\/uploads\/2018\/04\/Gudbrandsdalen-300x209.png 300w, http:\/\/www.simra-h2020.eu\/wp-content\/uploads\/2018\/04\/Gudbrandsdalen-768x534.png 768w\" sizes=\"(max-width: 800px) 100vw, 800px\" \/><em><small><i>Location of the municipalities in Gudbrandsdalen in which the IA is taking place.<\/i> \u00a9 Google Earth Pro &amp; mapbox.com .<\/small><\/em><\/p>\n<p><strong>News and events:<br \/>\n<\/strong><br \/>\n<img loading=\"lazy\" class=\"alignleft wp-image-1038\" src=\"http:\/\/www.simra-h2020.eu\/wp-content\/uploads\/2017\/01\/EVENTS-150x129.jpg\" sizes=\"(max-width: 30px) 100vw, 30px\" srcset=\"http:\/\/www.simra-h2020.eu\/wp-content\/uploads\/2017\/01\/EVENTS-150x129.jpg 150w, http:\/\/www.simra-h2020.eu\/wp-content\/uploads\/2017\/01\/EVENTS.jpg 153w\" alt=\"EVENTS\" width=\"30\" height=\"25\" \/>July 4<sup>th<\/sup>\u00a02018 \u2013\u00a0<a href=\"https:\/\/forskning.no\/innvandring-partner-ostlandsforskning\/friluftsliv-har-gitt-bedre-integrering-i-drammen-kan-suksessen-overfores-til-andre-steder\/1196396\">Forskning.no (National level): Scientists believe Norwegian outdoor life contributes to good integration<\/a> [in Norwegian]\nJune\u00a02018 \u2013 <a href=\"http:\/\/www.ostforsk.no\/nordmenn-er-triveligst-nar-de-er-i-bevegelse\/\">ENRI news item: \u00a0Norwegians are pleased when they are in motion<\/a> [in Norwegian]\n","protected":false},"excerpt":{"rendered":"<p>Get out there to get in here! Nature as a bridge to inclusion. \u00a9 Siri Solheim-Kristiansen\/R\u00f8de Kors IA implementer: \u00d8stlandsforskning (\u00d8F) | Eastern Norway Research Institute (ENRI) Relevant stakeholders: The stakeholders identified are the Norwegian Trekking Young Association (DNT Young), Barnas Turlag (Children\u2019s Trekking Club), Red Cross, Fjellnettverket (The Norwegian Mountain Network), Gudbrandsdalen council and&hellip;<\/p>\n","protected":false},"author":1,"featured_media":0,"parent":793,"menu_order":0,"comment_status":"closed","ping_status":"closed","template":"","meta":[],"_links":{"self":[{"href":"http:\/\/www.simra-h2020.eu\/index.php\/wp-json\/wp\/v2\/pages\/2311"}],"collection":[{"href":"http:\/\/www.simra-h2020.eu\/index.php\/wp-json\/wp\/v2\/pages"}],"about":[{"href":"http:\/\/www.simra-h2020.eu\/index.php\/wp-json\/wp\/v2\/types\/page"}],"author":[{"embeddable":true,"href":"http:\/\/www.simra-h2020.eu\/index.php\/wp-json\/wp\/v2\/users\/1"}],"replies":[{"embeddable":true,"href":"http:\/\/www.simra-h2020.eu\/index.php\/wp-json\/wp\/v2\/comments?post=2311"}],"version-history":[{"count":14,"href":"http:\/\/www.simra-h2020.eu\/index.php\/wp-json\/wp\/v2\/pages\/2311\/revisions"}],"predecessor-version":[{"id":2661,"href":"http:\/\/www.simra-h2020.eu\/index.php\/wp-json\/wp\/v2\/pages\/2311\/revisions\/2661"}],"up":[{"embeddable":true,"href":"http:\/\/www.simra-h2020.eu\/index.php\/wp-json\/wp\/v2\/pages\/793"}],"wp:attachment":[{"href":"http:\/\/www.simra-h2020.eu\/index.php\/wp-json\/wp\/v2\/media?parent=2311"}],"curies":[{"name":"wp","href":"https:\/\/api.w.org\/{rel}","templated":true}]}}