{"id":2219,"date":"2018-04-09T13:17:50","date_gmt":"2018-04-09T11:17:50","guid":{"rendered":"http:\/\/www.simra-h2020.eu\/?page_id=2219"},"modified":"2018-04-30T10:20:00","modified_gmt":"2018-04-30T08:20:00","slug":"community-forestry-in-post-socialist-europe","status":"publish","type":"page","link":"http:\/\/www.simra-h2020.eu\/index.php\/simra-case-studies\/community-forestry-in-post-socialist-europe\/","title":{"rendered":"Carbon smart forestry in forest communities \u2013 Slovenia and Slovakia"},"content":{"rendered":"<table style=\"height: 55px;\" border=\"0\" width=\"208\" align=\"right\">\n<tbody>\n<tr>\n<th><a href=\"http:\/\/www.simra-h2020.eu\/wp-content\/uploads\/2018\/04\/CETIP_commons_-CS_SK.pdf\" target=\"_blank\"><img loading=\"lazy\" class=\"aligncenter wp-image-2358 size-full\" src=\"http:\/\/www.simra-h2020.eu\/wp-content\/uploads\/2018\/04\/slovakia-2.png\" width=\"30\" height=\"20\" \/><\/a><\/th>\n<th><a href=\"http:\/\/www.simra-h2020.eu\/wp-content\/uploads\/2018\/04\/CETIP_commons_-CS_SL.pdf\" target=\"_blank\"><img loading=\"lazy\" class=\"aligncenter wp-image-2381 size-full\" src=\"http:\/\/www.simra-h2020.eu\/wp-content\/uploads\/2018\/04\/slovenia.png\" width=\"30\" height=\"20\" \/><\/a><\/th>\n<\/tr>\n<\/tbody>\n<\/table>\n<p><img loading=\"lazy\" class=\"aligncenter size-full wp-image-2375\" src=\"http:\/\/www.simra-h2020.eu\/wp-content\/uploads\/2018\/04\/socialist-300x176-1.jpg\" alt=\"socialist-300x176\" width=\"800\" height=\"469\" srcset=\"http:\/\/www.simra-h2020.eu\/wp-content\/uploads\/2018\/04\/socialist-300x176-1.jpg 800w, http:\/\/www.simra-h2020.eu\/wp-content\/uploads\/2018\/04\/socialist-300x176-1-300x176.jpg 300w, http:\/\/www.simra-h2020.eu\/wp-content\/uploads\/2018\/04\/socialist-300x176-1-768x450.jpg 768w\" sizes=\"(max-width: 800px) 100vw, 800px\" \/><br \/>\n<em><small>Members of the N\u00edzke Tatry forest commons, Slovakia. \u00a9 http:\/\/www.urbarhybe.sk\/<\/small><\/em><br \/>\n<strong>CS team:<\/strong><br \/>\n<a href=\"http:\/\/www.cetip-network.eu\/\" target=\"_blank\">CETIP<\/a> &amp; <a href=\"http:\/\/ife.sk\/\" target=\"_blank\">IFE SAS<\/a><\/p>\n<p><strong>The CS in a nutshell:<\/strong><br \/>\nForest commons (a particular form of common-pool regimes) play an important role for well-being of local communities in European marginalized mountain regions &#8211; and thus also in Slovakia and Slovenia. Although forest commons are usual types of forest ownership regime in Europe, several social and natural disturbances have arisen threating the survival of forest commons in the end of 20th century. In the Slovakian and Slovenian case studies, local communities show their adaptive capacity to current challenges. While in Slovakia the process of SI development was initiated by natural disturbances followed by social disturbances, the SI development in Slovenia was initiated predominantly by social disturbances. These case studies intend to examine what factors affect the development of self-organised activities that led to carbon smart forestry (a by-product of this social innovation) and how the self-organisation path support SI development and stabilisation in mountain MRA locations.<br \/>\nMore information on <a href=\"http:\/\/agrarne.si\/agrarne-skupnosti\/\" target=\"_blank\"> Slovak forest commons<\/a> and <a href=\"http:\/\/agrarne.si\/\" target=\"_blank\"> Slovenian forest commons<\/a><\/p>\n<h5><strong>About the area:<\/strong><\/h5>\n<p>In Slovenia, the forest commons association and its forests are located above the Vipava valley in municipality of Ajdov\u0161\u010dina. The forest borders are clearly identified by parcel borders. The altitude of selected forest sites is between 100-900 MASL with mild Mediterranean clime and occasional strong winds. The municipality of Vipava is one of the 212 municipalities in Slovenia with the total area of 10.7 km2 and 5600 inhabitants. It stretches in the Upper VIpava valley and slopes and plateau of the Nanos Mountains. Its average population density is 52 people per km2 where most of the population leaves in the valley. The natural population growth is negative, whereby Slovenia indicates positive growth. The unemployment rate is 11,8 % and the average nominal monthly wage is 88 % of the county\u2018s average.<\/p>\n<p>The Slovak forest commons regime is located in Hybe in the largest Slovak National Park, N\u00edzke Tatry established in 1978. The national park is situated in central Slovakia in Western Carpathian Mountains, between the V\u00e1h River and the Hron River valleys with remarkable natural value and high biodiversity. The state owns 61.9% of the national park territory and the rest is owned by forest commons (28.3%), municipalities (5.4%), individuals (2.5%) and others. Forest commons cover 1,540 ha with spruce as predominant tree species (over 60%) followed by pine, beech, fir and larch. Hybe municipality spans over 5,282 ha and counts with 1,485 inhabitants. Liptovsk\u00fd Mikul\u00e1\u0161 is the district to which municipality Hybe belongs to. The total district area covers 134,108 ha 60% of which is forested. In the district, there is a steady decline in population and an aging population.Its unemployment rate is 8.04 %, and the average nominal monthly wage the lowest of the county.<br \/>\nBoth Slovenian and Slovakian forest commons are considered marginalized rural areas because they are predominantly rural and set in a mountain regions. Additionally they face an increasing ageing population.<\/p>\n<p>More information on the study areas in <a href=\"http:\/\/www.urbarhybe.sk\/\" target=\"_blank\"> Slovakia<\/a> and <a href=\"http:\/\/agrarne.si\/\" target=\"_blank\"> Slovenia<\/a><\/p>\n<p><img loading=\"lazy\" class=\"aligncenter size-full wp-image-2377\" src=\"http:\/\/www.simra-h2020.eu\/wp-content\/uploads\/2018\/04\/map1car-1.jpg\" alt=\"map1car\" width=\"800\" height=\"555\" srcset=\"http:\/\/www.simra-h2020.eu\/wp-content\/uploads\/2018\/04\/map1car-1.jpg 800w, http:\/\/www.simra-h2020.eu\/wp-content\/uploads\/2018\/04\/map1car-1-300x208.jpg 300w, http:\/\/www.simra-h2020.eu\/wp-content\/uploads\/2018\/04\/map1car-1-768x533.jpg 768w\" sizes=\"(max-width: 800px) 100vw, 800px\" \/><br \/>\n<em><small>Location of Ajdov\u0161\u010dina SL, 81 km far from Ljubljana. \u00a9 Google Earth Pro &amp; mapbox.com<br \/>\n<\/small><\/em><img loading=\"lazy\" class=\"aligncenter size-full wp-image-2378\" src=\"http:\/\/www.simra-h2020.eu\/wp-content\/uploads\/2018\/04\/map2car-1.jpg\" alt=\"map2car\" width=\"800\" height=\"556\" srcset=\"http:\/\/www.simra-h2020.eu\/wp-content\/uploads\/2018\/04\/map2car-1.jpg 800w, http:\/\/www.simra-h2020.eu\/wp-content\/uploads\/2018\/04\/map2car-1-300x209.jpg 300w, http:\/\/www.simra-h2020.eu\/wp-content\/uploads\/2018\/04\/map2car-1-768x534.jpg 768w\" sizes=\"(max-width: 800px) 100vw, 800px\" \/><\/p>\n<p><em>Location on National Park N\u00edzke Tatry. \u00a9 Google Earth Pro &amp; mapbox.com<\/em><\/p>\n<p><img loading=\"lazy\" class=\"aligncenter size-full wp-image-2379\" src=\"http:\/\/www.simra-h2020.eu\/wp-content\/uploads\/2018\/04\/soc2.jpg\" alt=\"soc2\" width=\"800\" height=\"399\" srcset=\"http:\/\/www.simra-h2020.eu\/wp-content\/uploads\/2018\/04\/soc2.jpg 800w, http:\/\/www.simra-h2020.eu\/wp-content\/uploads\/2018\/04\/soc2-300x150.jpg 300w, http:\/\/www.simra-h2020.eu\/wp-content\/uploads\/2018\/04\/soc2-768x383.jpg 768w\" sizes=\"(max-width: 800px) 100vw, 800px\" \/><\/p>\n<p><em>Members of the N\u00edzke Tatry forest commons, Slovakia. \u00a9 http:\/\/www.urbarhybe.sk\/<\/em><\/p>\n","protected":false},"excerpt":{"rendered":"<p>Members of the N\u00edzke Tatry forest commons, Slovakia. \u00a9 http:\/\/www.urbarhybe.sk\/ CS team: CETIP &amp; IFE SAS The CS in a nutshell: Forest commons (a particular form of common-pool regimes) play an important role for well-being of local communities in European marginalized mountain regions &#8211; and thus also in Slovakia and Slovenia. Although forest commons are&hellip;<\/p>\n","protected":false},"author":1,"featured_media":0,"parent":783,"menu_order":0,"comment_status":"closed","ping_status":"closed","template":"","meta":[],"_links":{"self":[{"href":"http:\/\/www.simra-h2020.eu\/index.php\/wp-json\/wp\/v2\/pages\/2219"}],"collection":[{"href":"http:\/\/www.simra-h2020.eu\/index.php\/wp-json\/wp\/v2\/pages"}],"about":[{"href":"http:\/\/www.simra-h2020.eu\/index.php\/wp-json\/wp\/v2\/types\/page"}],"author":[{"embeddable":true,"href":"http:\/\/www.simra-h2020.eu\/index.php\/wp-json\/wp\/v2\/users\/1"}],"replies":[{"embeddable":true,"href":"http:\/\/www.simra-h2020.eu\/index.php\/wp-json\/wp\/v2\/comments?post=2219"}],"version-history":[{"count":9,"href":"http:\/\/www.simra-h2020.eu\/index.php\/wp-json\/wp\/v2\/pages\/2219\/revisions"}],"predecessor-version":[{"id":2384,"href":"http:\/\/www.simra-h2020.eu\/index.php\/wp-json\/wp\/v2\/pages\/2219\/revisions\/2384"}],"up":[{"embeddable":true,"href":"http:\/\/www.simra-h2020.eu\/index.php\/wp-json\/wp\/v2\/pages\/783"}],"wp:attachment":[{"href":"http:\/\/www.simra-h2020.eu\/index.php\/wp-json\/wp\/v2\/media?parent=2219"}],"curies":[{"name":"wp","href":"https:\/\/api.w.org\/{rel}","templated":true}]}}