{"id":1069,"date":"2017-03-17T13:25:41","date_gmt":"2017-03-17T12:25:41","guid":{"rendered":"http:\/\/www.simra-h2020.eu\/?page_id=1069"},"modified":"2017-04-06T13:30:12","modified_gmt":"2017-04-06T11:30:12","slug":"next-events","status":"publish","type":"page","link":"http:\/\/www.simra-h2020.eu\/index.php\/next-events\/","title":{"rendered":"Next Events"},"content":{"rendered":"<div class=\"entry-content\">\n<h1><span style=\"color: #156094;\">Taller local \u201cGuardianes del Territorio. Innovaci\u00f3n social en el medio rural\u201d<\/span><\/h1>\n<p><em>The chronicle about this Workshop is available <a href=\"http:\/\/www.simra-h2020.eu\/index.php\/2017\/04\/05\/connecting-the-guardians-of-remote-rural-territories\/\">here<\/a>.<\/em><\/p>\n<p>1 de abril 2017 \u2013 Mora de Rubielos (Teruel)<\/p>\n<p><span style=\"text-decoration: underline; color: #156094;\"><a href=\"\/wp-content\/uploads\/2017\/01\/P%C3%B3ster-Jornada-Custodia-SIMRA-FINAL.pdf\"><img loading=\"lazy\" class=\"alignright wp-image-1059 size-medium\" src=\"http:\/\/www.simra-h2020.eu\/wp-content\/uploads\/2017\/03\/P\u00f3ster-Jornada-Custodia-SIMRA-FINAL-001-212x300.jpg\" alt=\"P\u00f3ster Jornada Custodia SIMRA - FINAL-001\" width=\"212\" height=\"300\" srcset=\"http:\/\/www.simra-h2020.eu\/wp-content\/uploads\/2017\/03\/P\u00f3ster-Jornada-Custodia-SIMRA-FINAL-001-212x300.jpg 212w, http:\/\/www.simra-h2020.eu\/wp-content\/uploads\/2017\/03\/P\u00f3ster-Jornada-Custodia-SIMRA-FINAL-001-768x1086.jpg 768w, http:\/\/www.simra-h2020.eu\/wp-content\/uploads\/2017\/03\/P\u00f3ster-Jornada-Custodia-SIMRA-FINAL-001-724x1024.jpg 724w, http:\/\/www.simra-h2020.eu\/wp-content\/uploads\/2017\/03\/P\u00f3ster-Jornada-Custodia-SIMRA-FINAL-001.jpg 1684w\" sizes=\"(max-width: 212px) 100vw, 212px\" \/><\/a>Programa<\/span><span style=\"color: #156094;\"> (pincha en el t\u00edtulo de cada ponencia para acceder a la documentaci\u00f3n)<\/span><span style=\"text-decoration: underline; color: #156094;\"><br \/>\n<\/span><\/p>\n<p>9:30 Recepci\u00f3n de participantes y bienvenida.<\/p>\n<p>10:00<a href=\"http:\/\/www.simra-h2020.eu\/wp-content\/uploads\/2017\/03\/1_EFIMED.pdf\"> Innovaci\u00f3n social en el mundo rural: los vecinos en la gesti\u00f3n de los recursos agro-forestales<\/a><br \/>\n<span style=\"color: #009900;\">Elena G\u00f3rriz. Investigadora, Oficina Regional del Mediterr\u00e1neo del Instituto Forestal Europeo<\/span><\/p>\n<p>10:30 <a href=\"http:\/\/www.simra-h2020.eu\/wp-content\/uploads\/2017\/03\/2_Red_Aragonesa_Custodia_Territorio.pdf\">La custodia del territorio. Historia y m\u00e9todo<\/a>.<br \/>\n<span style=\"color: #009900;\">Jorge Abril. Coordinador, Asociaci\u00f3n Desarrollo Maestrazgo-Secretar\u00eda T\u00e9cnica Red Aragonesa de Custodia del Territorio<\/span><\/p>\n<p>11:15 <a href=\"http:\/\/www.simra-h2020.eu\/wp-content\/uploads\/2017\/03\/3_Apadrina_Un_Olivo.pdf\">Apadrina un olivo. Iniciativa de Desarrollo Rural Sostenible. \u00bfC\u00f3mo recuperar 100.000 olivos centenarios abandonados?<\/a><br \/>\n<span style=\"color: #009900;\">Sira Laplana y Alberto Alfonso. Cofundadores, Asociaci\u00f3n Recuperaci\u00f3n Olivos Yermos Oliete<\/span><\/p>\n<p>12:00 Pausa<\/p>\n<p>12:15 <a href=\"http:\/\/www.simra-h2020.eu\/wp-content\/uploads\/2017\/03\/4-_Asociacion-Terrafranca-compressed.pdf\">V\u00eddeoconferencia: \u00bfC\u00f3mo favorecer el acceso a la tierra?<\/a><br \/>\n<span style=\"color: #009900;\">Jordi Mart\u00ed. Presidente, Asociaci\u00f3n Terrafranca<\/span><\/p>\n<p>13:00 <a href=\"http:\/\/www.simra-h2020.eu\/wp-content\/uploads\/2017\/03\/5_Comarca_Matarranya.pdf\">El banco de tierras: prevenci\u00f3n de incendios forestales y recuperaci\u00f3n de paisaje.<\/a><br \/>\n<span style=\"color: #009900;\">Olga Ric. T\u00e9cnica de Medio Ambiente, Comarca Matarra\u00f1a<\/span><\/p>\n<p>13:45 <a href=\"http:\/\/www.simra-h2020.eu\/wp-content\/uploads\/2017\/03\/6_Fundacion_Victoria_Laporta.pdf\">Iniciativa privada ligada a la gesti\u00f3n agro-forestal de la finca Buixcarr\u00f3.<\/a><br \/>\n<span style=\"color: #009900;\">Vicent Ferri. Fundaci\u00f3n Victoria Laporta Carbonell, P.N. Serra Mariola<\/span><\/p>\n<p>14:30 Comida<\/p>\n<p>16:30 Mesa de trabajo con entidades comarcales. Presentaci\u00f3n de iniciativas locales, debate y pase de encuestas:<br \/>\n&#8211; <a href=\"http:\/\/www.simra-h2020.eu\/wp-content\/uploads\/2017\/03\/7_BirdingTeruel.pdf\">Ecoturismo y ganader\u00eda.<\/a> <span style=\"color: #009900;\">Birding Teruel. Alcal\u00e1 de la Selva<\/span><br \/>\n&#8211; <a href=\"http:\/\/www.simra-h2020.eu\/wp-content\/uploads\/2017\/03\/8_Mijares_Vivo.pdf\"> Custodia fluvial.<\/a> <span style=\"color: #009900;\">Asociaci\u00f3n Mijares Vivo. Olba<\/span><br \/>\n&#8211; <a href=\"http:\/\/www.simra-h2020.eu\/wp-content\/uploads\/2017\/03\/9_Tres_De_Copas_.pdf\"> Senderos y paisaje.<\/a> <span style=\"color: #009900;\">Asociaci\u00f3n Tres de Copas. Nogueruelas<\/span><br \/>\n&#8211; <a href=\"http:\/\/www.simra-h2020.eu\/wp-content\/uploads\/2017\/03\/10_MONTAnAS-_DE_MANZANERA.pdf\"> Senderos y paisaje<\/a>. <span style=\"color: #009900;\">Asociaci\u00f3n Monta\u00f1as de Manzanera<\/span><br \/>\n&#8211; <a href=\"http:\/\/www.simra-h2020.eu\/wp-content\/uploads\/2017\/03\/11_Recartografias.pdf\"> Mas Blanco.<\/a> <span style=\"color: #009900;\">Recartograf\u00edas. San Agust\u00edn<\/span><br \/>\n&#8211; <span style=\"color: #009900;\">La Carroncha. Valbona<\/span><\/p>\n<p>18:30 Conclusiones y siguientes pasos<\/p>\n<\/div>\n","protected":false},"excerpt":{"rendered":"<p>Taller local \u201cGuardianes del Territorio. Innovaci\u00f3n social en el medio rural\u201d The chronicle about this Workshop is available here. 1 de abril 2017 \u2013 Mora de Rubielos (Teruel) Programa (pincha en el t\u00edtulo de cada ponencia para acceder a la documentaci\u00f3n) 9:30 Recepci\u00f3n de participantes y bienvenida. 10:00 Innovaci\u00f3n social en el mundo rural: los&hellip;<\/p>\n","protected":false},"author":1,"featured_media":0,"parent":0,"menu_order":0,"comment_status":"closed","ping_status":"closed","template":"","meta":[],"_links":{"self":[{"href":"http:\/\/www.simra-h2020.eu\/index.php\/wp-json\/wp\/v2\/pages\/1069"}],"collection":[{"href":"http:\/\/www.simra-h2020.eu\/index.php\/wp-json\/wp\/v2\/pages"}],"about":[{"href":"http:\/\/www.simra-h2020.eu\/index.php\/wp-json\/wp\/v2\/types\/page"}],"author":[{"embeddable":true,"href":"http:\/\/www.simra-h2020.eu\/index.php\/wp-json\/wp\/v2\/users\/1"}],"replies":[{"embeddable":true,"href":"http:\/\/www.simra-h2020.eu\/index.php\/wp-json\/wp\/v2\/comments?post=1069"}],"version-history":[{"count":17,"href":"http:\/\/www.simra-h2020.eu\/index.php\/wp-json\/wp\/v2\/pages\/1069\/revisions"}],"predecessor-version":[{"id":1198,"href":"http:\/\/www.simra-h2020.eu\/index.php\/wp-json\/wp\/v2\/pages\/1069\/revisions\/1198"}],"wp:attachment":[{"href":"http:\/\/www.simra-h2020.eu\/index.php\/wp-json\/wp\/v2\/media?parent=1069"}],"curies":[{"name":"wp","href":"https:\/\/api.w.org\/{rel}","templated":true}]}}